{"id":589,"date":"2026-02-26T17:40:45","date_gmt":"2026-02-26T17:40:45","guid":{"rendered":"https:\/\/mspowerchip.com.br\/?page_id=589"},"modified":"2026-02-26T17:40:45","modified_gmt":"2026-02-26T17:40:45","slug":"ativacao-de-computador-de-bordo-e-funcoes-ocultas","status":"publish","type":"page","link":"https:\/\/mspowerchip.com.br\/?page_id=589","title":{"rendered":"Ativa\u00e7\u00e3o de Computador de Bordo e Fun\u00e7\u00f5es Ocultas"},"content":{"rendered":"\n<div class=\"wp-block-group alignfull is-layout-flow wp-container-core-group-is-layout-f9cb6abc wp-block-group-is-layout-flow\" style=\"margin-top:0;margin-bottom:0\">\n<div class=\"wp-block-columns alignfull is-not-stacked-on-mobile is-layout-flex wp-container-core-columns-is-layout-e154fb6a wp-block-columns-is-layout-flex\" style=\"margin-top:0;margin-bottom:0;padding-top:var(--wp--preset--spacing--40);padding-right:var(--wp--preset--spacing--40);padding-bottom:var(--wp--preset--spacing--80);padding-left:var(--wp--preset--spacing--40)\">\n<div class=\"wp-block-column is-layout-flow wp-block-column-is-layout-flow\" style=\"flex-basis:66.66%\">\n<div class=\"wp-block-group is-vertical is-content-justification-stretch is-layout-flex wp-container-core-group-is-layout-7e003bba wp-block-group-is-layout-flex\">\n<h2 class=\"wp-block-heading has-xx-large-font-size\"><\/h2>\n\n\n\n<p class=\"has-x-large-font-size\">  <\/p>\n\n\n\n<hr class=\"wp-block-separator has-alpha-channel-opacity\"\/>\n\n\n\n<h2 class=\"wp-block-heading\">Ativa\u00e7\u00e3o de Computador de Bordo e Fun\u00e7\u00f5es Ocultas (Coding)<\/h2>\n\n\n\n<p>Voc\u00ea sabia que o seu carro pode ter muito mais tecnologia do que voc\u00ea v\u00ea no painel? Muitos fabricantes desabilitam fun\u00e7\u00f5es de software para diferenciar as vers\u00f5es de entrada das vers\u00f5es topo de linha. Na <strong>MSPowerchip<\/strong>, n\u00f3s liberamos essas fun\u00e7\u00f5es atrav\u00e9s da <strong>programa\u00e7\u00e3o eletr\u00f4nica (Coding)<\/strong>, sem a necessidade de instalar novos m\u00f3dulos ou cortar fios.<\/p>\n\n\n\n<h3 class=\"wp-block-heading\">O que \u00e9 a Libera\u00e7\u00e3o do Computador de Bordo?<\/h3>\n\n\n\n<p>Em muitos modelos (como a linha VW, Chevrolet, Fiat e Ford), o hardware para o computador de bordo j\u00e1 est\u00e1 l\u00e1, mas ele est\u00e1 &#8220;adormecido&#8221;. N\u00f3s acessamos a central do ve\u00edculo e habilitamos as telas de informa\u00e7\u00f5es que voc\u00ea n\u00e3o consegue ver.<\/p>\n\n\n\n<p><strong>Ao ativar o computador de bordo, voc\u00ea passa a ter acesso a:<\/strong><\/p>\n\n\n\n<ul class=\"wp-block-list\">\n<li><strong>Consumo M\u00e9dio e Instant\u00e2neo:<\/strong> Saiba exatamente quanto seu carro est\u00e1 gastando.<\/li>\n\n\n\n<li><strong>Autonomia:<\/strong> Veja quantos quil\u00f4metros voc\u00ea ainda pode rodar com o combust\u00edvel no tanque.<\/li>\n\n\n\n<li><strong>Velocidade Digital:<\/strong> Tenha a leitura precisa da velocidade no centro do painel.<\/li>\n\n\n\n<li><strong>Temperatura do \u00d3leo e Arrefecimento:<\/strong> Monitore a sa\u00fade do motor em tempo real.<\/li>\n\n\n\n<li><strong>Tempo de Viagem e Dist\u00e2ncia Percorrida.<\/strong><\/li>\n<\/ul>\n\n\n\n<hr class=\"wp-block-separator has-alpha-channel-opacity\"\/>\n\n\n\n<h3 class=\"wp-block-heading\">Al\u00e9m do Computador de Bordo: O que mais podemos habilitar?<\/h3>\n\n\n\n<p>Dependendo do modelo e da vers\u00e3o do seu ve\u00edculo, nossa programa\u00e7\u00e3o via scanner profissional permite ativar diversas &#8220;Hidden Features&#8221; (Fun\u00e7\u00f5es Ocultas), como:<\/p>\n\n\n\n<ul class=\"wp-block-list\">\n<li><strong>Varredura dos ponteiros (Needle Sweep):<\/strong> Estilo carros esportivos ao ligar a igni\u00e7\u00e3o.<\/li>\n\n\n\n<li><strong>Habilitar visualiza\u00e7\u00e3o do sensor de r\u00e9 no r\u00e1dio.<\/strong><\/li>\n\n\n\n<li><strong>Ajuste do sinal sonoro do alarme.<\/strong><\/li>\n\n\n\n<li><strong>Fechamento de vidros e teto solar com apenas um toque no controle.<\/strong><\/li>\n\n\n\n<li><strong>Luzes de curva (Cornering Lights):<\/strong> O farol de milha acende para o lado que voc\u00ea vira o volante.<\/li>\n\n\n\n<li><strong>Configura\u00e7\u00e3o de luz diurna (DRL) via painel.<\/strong><\/li>\n<\/ul>\n\n\n\n<hr class=\"wp-block-separator has-alpha-channel-opacity\"\/>\n\n\n\n<h3 class=\"wp-block-heading\">\u00c9 seguro fazer essa programa\u00e7\u00e3o?<\/h3>\n\n\n\n<p>Sim! A ativa\u00e7\u00e3o \u00e9 feita via software atrav\u00e9s da porta OBDII do ve\u00edculo. N\u00f3s n\u00e3o fazemos &#8220;gambiarras&#8221; nem modificamos o chicote original do carro. Utilizamos equipamentos de diagn\u00f3stico avan\u00e7ados que alteram apenas os par\u00e2metros bin\u00e1rios da central para &#8220;avisar&#8221; ao carro que ele agora possui essas fun\u00e7\u00f5es.<\/p>\n\n\n\n<ul class=\"wp-block-list\">\n<li><strong>Sem perda de garantia:<\/strong> Por ser uma altera\u00e7\u00e3o de software que o pr\u00f3prio fabricante previu, \u00e9 um processo limpo.<\/li>\n\n\n\n<li><strong>R\u00e1pido e Preciso:<\/strong> Na maioria dos modelos, a ativa\u00e7\u00e3o \u00e9 feita em poucos minutos aqui na oficina.<\/li>\n<\/ul>\n\n\n\n<hr class=\"wp-block-separator has-alpha-channel-opacity\"\/>\n\n\n\n<h3 class=\"wp-block-heading\">Seu carro tem fun\u00e7\u00f5es escondidas? Descubra agora!<\/h3>\n\n\n\n<p>N\u00e3o se limite ao b\u00e1sico. Traga seu ve\u00edculo para a <strong>MSPowerchip<\/strong> e transforme a sua experi\u00eancia ao dirigir com muito mais informa\u00e7\u00e3o e conforto.<\/p>\n<\/div>\n<\/div>\n\n\n\n<div class=\"wp-block-column is-layout-flow wp-block-column-is-layout-flow\" style=\"flex-basis:12vw\"><\/div>\n\n\n\n<div class=\"wp-block-column is-layout-flow wp-block-column-is-layout-flow\">\n<div class=\"wp-block-group is-content-justification-right is-nowrap is-layout-flex wp-container-core-group-is-layout-17124a9a wp-block-group-is-layout-flex\">\n<p class=\"has-text-align-left\" style=\"line-height:0.6;text-transform:uppercase;writing-mode:vertical-rl\">Oficina gratuita<\/p>\n<\/div>\n<\/div>\n<\/div>\n\n\n\n<div class=\"wp-block-columns alignfull is-style-section-2 is-layout-flex wp-container-core-columns-is-layout-d9884270 wp-block-columns-is-layout-flex is-style-section-2--1\" style=\"padding-top:0;padding-bottom:0\"><\/div>\n<\/div>\n","protected":false},"excerpt":{"rendered":"<p>Ativa\u00e7\u00e3o de Computador de Bordo e Fun\u00e7\u00f5es Ocultas (Coding) Voc\u00ea sabia que o seu carro pode ter muito mais tecnologia do que voc\u00ea v\u00ea no painel? Muitos fabricantes desabilitam fun\u00e7\u00f5es de software para diferenciar as vers\u00f5es de entrada das vers\u00f5es topo de linha. Na MSPowerchip, n\u00f3s liberamos essas fun\u00e7\u00f5es atrav\u00e9s da programa\u00e7\u00e3o eletr\u00f4nica (Coding), sem [&hellip;]<\/p>\n","protected":false},"author":1,"featured_media":0,"parent":0,"menu_order":0,"comment_status":"closed","ping_status":"closed","template":"","meta":{"_joinchat":[],"footnotes":""},"class_list":["post-589","page","type-page","status-publish","hentry"],"yoast_head":"<!-- This site is optimized with the Yoast SEO plugin v27.4 - https:\/\/yoast.com\/product\/yoast-seo-wordpress\/ -->\n<title>Ativa\u00e7\u00e3o de Computador de Bordo e Fun\u00e7\u00f5es Ocultas - 42 anos de oficina mec\u00e2nica e reparos automotivos e 39 anos de Mecatr\u00f4nica e programa\u00e7\u00f5es.<\/title>\n<meta name=\"robots\" content=\"index, follow, max-snippet:-1, max-image-preview:large, max-video-preview:-1\" \/>\n<link rel=\"canonical\" href=\"https:\/\/mspowerchip.com.br\/?page_id=589\" \/>\n<meta property=\"og:locale\" content=\"pt_BR\" \/>\n<meta property=\"og:type\" content=\"article\" \/>\n<meta property=\"og:title\" content=\"Ativa\u00e7\u00e3o de Computador de Bordo e Fun\u00e7\u00f5es Ocultas - 42 anos de oficina mec\u00e2nica e reparos automotivos e 39 anos de Mecatr\u00f4nica e programa\u00e7\u00f5es.\" \/>\n<meta property=\"og:description\" content=\"Ativa\u00e7\u00e3o de Computador de Bordo e Fun\u00e7\u00f5es Ocultas (Coding) Voc\u00ea sabia que o seu carro pode ter muito mais tecnologia do que voc\u00ea v\u00ea no painel? Muitos fabricantes desabilitam fun\u00e7\u00f5es de software para diferenciar as vers\u00f5es de entrada das vers\u00f5es topo de linha. Na MSPowerchip, n\u00f3s liberamos essas fun\u00e7\u00f5es atrav\u00e9s da programa\u00e7\u00e3o eletr\u00f4nica (Coding), sem [&hellip;]\" \/>\n<meta property=\"og:url\" content=\"https:\/\/mspowerchip.com.br\/?page_id=589\" \/>\n<meta property=\"og:site_name\" content=\"42 anos de oficina mec\u00e2nica e reparos automotivos e 39 anos de Mecatr\u00f4nica e programa\u00e7\u00f5es.\" \/>\n<meta name=\"twitter:card\" content=\"summary_large_image\" \/>\n<meta name=\"twitter:label1\" content=\"Est. tempo de leitura\" \/>\n\t<meta name=\"twitter:data1\" content=\"3 minutos\" \/>\n<script type=\"application\/ld+json\" class=\"yoast-schema-graph\">{\"@context\":\"https:\\\/\\\/schema.org\",\"@graph\":[{\"@type\":\"WebPage\",\"@id\":\"https:\\\/\\\/mspowerchip.com.br\\\/?page_id=589\",\"url\":\"https:\\\/\\\/mspowerchip.com.br\\\/?page_id=589\",\"name\":\"Ativa\u00e7\u00e3o de Computador de Bordo e Fun\u00e7\u00f5es Ocultas - 42 anos de oficina mec\u00e2nica e reparos automotivos e 39 anos de Mecatr\u00f4nica e programa\u00e7\u00f5es.\",\"isPartOf\":{\"@id\":\"https:\\\/\\\/mspowerchip.com.br\\\/#website\"},\"datePublished\":\"2026-02-26T17:40:45+00:00\",\"breadcrumb\":{\"@id\":\"https:\\\/\\\/mspowerchip.com.br\\\/?page_id=589#breadcrumb\"},\"inLanguage\":\"pt-BR\",\"potentialAction\":[{\"@type\":\"ReadAction\",\"target\":[\"https:\\\/\\\/mspowerchip.com.br\\\/?page_id=589\"]}]},{\"@type\":\"BreadcrumbList\",\"@id\":\"https:\\\/\\\/mspowerchip.com.br\\\/?page_id=589#breadcrumb\",\"itemListElement\":[{\"@type\":\"ListItem\",\"position\":1,\"name\":\"In\u00edcio\",\"item\":\"https:\\\/\\\/mspowerchip.com.br\\\/\"},{\"@type\":\"ListItem\",\"position\":2,\"name\":\"Ativa\u00e7\u00e3o de Computador de Bordo e Fun\u00e7\u00f5es Ocultas\"}]},{\"@type\":\"WebSite\",\"@id\":\"https:\\\/\\\/mspowerchip.com.br\\\/#website\",\"url\":\"https:\\\/\\\/mspowerchip.com.br\\\/\",\"name\":\"42 anos de oficina mec\u00e2nica e reparos automotivos e 39 anos de Mecatr\u00f4nica e programa\u00e7\u00f5es.\",\"description\":\"Oficina mec\u00e2nica e reparos automotivos , Mecatr\u00f4nica  e programa\u00e7\u00f5es. \",\"publisher\":{\"@id\":\"https:\\\/\\\/mspowerchip.com.br\\\/#organization\"},\"potentialAction\":[{\"@type\":\"SearchAction\",\"target\":{\"@type\":\"EntryPoint\",\"urlTemplate\":\"https:\\\/\\\/mspowerchip.com.br\\\/?s={search_term_string}\"},\"query-input\":{\"@type\":\"PropertyValueSpecification\",\"valueRequired\":true,\"valueName\":\"search_term_string\"}}],\"inLanguage\":\"pt-BR\"},{\"@type\":\"Organization\",\"@id\":\"https:\\\/\\\/mspowerchip.com.br\\\/#organization\",\"name\":\"42 anos de oficina mec\u00e2nica e reparos automotivos e 39 anos de Mecatr\u00f4nica e programa\u00e7\u00f5es.\",\"url\":\"https:\\\/\\\/mspowerchip.com.br\\\/\",\"logo\":{\"@type\":\"ImageObject\",\"inLanguage\":\"pt-BR\",\"@id\":\"https:\\\/\\\/mspowerchip.com.br\\\/#\\\/schema\\\/logo\\\/image\\\/\",\"url\":\"https:\\\/\\\/mspowerchip.com.br\\\/wp-content\\\/uploads\\\/2025\\\/10\\\/logo-mspowerchip.png\",\"contentUrl\":\"https:\\\/\\\/mspowerchip.com.br\\\/wp-content\\\/uploads\\\/2025\\\/10\\\/logo-mspowerchip.png\",\"width\":437,\"height\":115,\"caption\":\"42 anos de oficina mec\u00e2nica e reparos automotivos e 39 anos de Mecatr\u00f4nica  e programa\u00e7\u00f5es. \"},\"image\":{\"@id\":\"https:\\\/\\\/mspowerchip.com.br\\\/#\\\/schema\\\/logo\\\/image\\\/\"}}]}<\/script>\n<!-- \/ Yoast SEO plugin. -->","yoast_head_json":{"title":"Ativa\u00e7\u00e3o de Computador de Bordo e Fun\u00e7\u00f5es Ocultas - 42 anos de oficina mec\u00e2nica e reparos automotivos e 39 anos de Mecatr\u00f4nica e programa\u00e7\u00f5es.","robots":{"index":"index","follow":"follow","max-snippet":"max-snippet:-1","max-image-preview":"max-image-preview:large","max-video-preview":"max-video-preview:-1"},"canonical":"https:\/\/mspowerchip.com.br\/?page_id=589","og_locale":"pt_BR","og_type":"article","og_title":"Ativa\u00e7\u00e3o de Computador de Bordo e Fun\u00e7\u00f5es Ocultas - 42 anos de oficina mec\u00e2nica e reparos automotivos e 39 anos de Mecatr\u00f4nica e programa\u00e7\u00f5es.","og_description":"Ativa\u00e7\u00e3o de Computador de Bordo e Fun\u00e7\u00f5es Ocultas (Coding) Voc\u00ea sabia que o seu carro pode ter muito mais tecnologia do que voc\u00ea v\u00ea no painel? Muitos fabricantes desabilitam fun\u00e7\u00f5es de software para diferenciar as vers\u00f5es de entrada das vers\u00f5es topo de linha. Na MSPowerchip, n\u00f3s liberamos essas fun\u00e7\u00f5es atrav\u00e9s da programa\u00e7\u00e3o eletr\u00f4nica (Coding), sem [&hellip;]","og_url":"https:\/\/mspowerchip.com.br\/?page_id=589","og_site_name":"42 anos de oficina mec\u00e2nica e reparos automotivos e 39 anos de Mecatr\u00f4nica e programa\u00e7\u00f5es.","twitter_card":"summary_large_image","twitter_misc":{"Est. tempo de leitura":"3 minutos"},"schema":{"@context":"https:\/\/schema.org","@graph":[{"@type":"WebPage","@id":"https:\/\/mspowerchip.com.br\/?page_id=589","url":"https:\/\/mspowerchip.com.br\/?page_id=589","name":"Ativa\u00e7\u00e3o de Computador de Bordo e Fun\u00e7\u00f5es Ocultas - 42 anos de oficina mec\u00e2nica e reparos automotivos e 39 anos de Mecatr\u00f4nica e programa\u00e7\u00f5es.","isPartOf":{"@id":"https:\/\/mspowerchip.com.br\/#website"},"datePublished":"2026-02-26T17:40:45+00:00","breadcrumb":{"@id":"https:\/\/mspowerchip.com.br\/?page_id=589#breadcrumb"},"inLanguage":"pt-BR","potentialAction":[{"@type":"ReadAction","target":["https:\/\/mspowerchip.com.br\/?page_id=589"]}]},{"@type":"BreadcrumbList","@id":"https:\/\/mspowerchip.com.br\/?page_id=589#breadcrumb","itemListElement":[{"@type":"ListItem","position":1,"name":"In\u00edcio","item":"https:\/\/mspowerchip.com.br\/"},{"@type":"ListItem","position":2,"name":"Ativa\u00e7\u00e3o de Computador de Bordo e Fun\u00e7\u00f5es Ocultas"}]},{"@type":"WebSite","@id":"https:\/\/mspowerchip.com.br\/#website","url":"https:\/\/mspowerchip.com.br\/","name":"42 anos de oficina mec\u00e2nica e reparos automotivos e 39 anos de Mecatr\u00f4nica e programa\u00e7\u00f5es.","description":"Oficina mec\u00e2nica e reparos automotivos , Mecatr\u00f4nica  e programa\u00e7\u00f5es. ","publisher":{"@id":"https:\/\/mspowerchip.com.br\/#organization"},"potentialAction":[{"@type":"SearchAction","target":{"@type":"EntryPoint","urlTemplate":"https:\/\/mspowerchip.com.br\/?s={search_term_string}"},"query-input":{"@type":"PropertyValueSpecification","valueRequired":true,"valueName":"search_term_string"}}],"inLanguage":"pt-BR"},{"@type":"Organization","@id":"https:\/\/mspowerchip.com.br\/#organization","name":"42 anos de oficina mec\u00e2nica e reparos automotivos e 39 anos de Mecatr\u00f4nica e programa\u00e7\u00f5es.","url":"https:\/\/mspowerchip.com.br\/","logo":{"@type":"ImageObject","inLanguage":"pt-BR","@id":"https:\/\/mspowerchip.com.br\/#\/schema\/logo\/image\/","url":"https:\/\/mspowerchip.com.br\/wp-content\/uploads\/2025\/10\/logo-mspowerchip.png","contentUrl":"https:\/\/mspowerchip.com.br\/wp-content\/uploads\/2025\/10\/logo-mspowerchip.png","width":437,"height":115,"caption":"42 anos de oficina mec\u00e2nica e reparos automotivos e 39 anos de Mecatr\u00f4nica  e programa\u00e7\u00f5es. "},"image":{"@id":"https:\/\/mspowerchip.com.br\/#\/schema\/logo\/image\/"}}]}},"_links":{"self":[{"href":"https:\/\/mspowerchip.com.br\/index.php?rest_route=\/wp\/v2\/pages\/589","targetHints":{"allow":["GET"]}}],"collection":[{"href":"https:\/\/mspowerchip.com.br\/index.php?rest_route=\/wp\/v2\/pages"}],"about":[{"href":"https:\/\/mspowerchip.com.br\/index.php?rest_route=\/wp\/v2\/types\/page"}],"author":[{"embeddable":true,"href":"https:\/\/mspowerchip.com.br\/index.php?rest_route=\/wp\/v2\/users\/1"}],"replies":[{"embeddable":true,"href":"https:\/\/mspowerchip.com.br\/index.php?rest_route=%2Fwp%2Fv2%2Fcomments&post=589"}],"version-history":[{"count":1,"href":"https:\/\/mspowerchip.com.br\/index.php?rest_route=\/wp\/v2\/pages\/589\/revisions"}],"predecessor-version":[{"id":590,"href":"https:\/\/mspowerchip.com.br\/index.php?rest_route=\/wp\/v2\/pages\/589\/revisions\/590"}],"wp:attachment":[{"href":"https:\/\/mspowerchip.com.br\/index.php?rest_route=%2Fwp%2Fv2%2Fmedia&parent=589"}],"curies":[{"name":"wp","href":"https:\/\/api.w.org\/{rel}","templated":true}]}}